{"id":10,"date":"2020-09-10T14:36:58","date_gmt":"2020-09-10T14:36:58","guid":{"rendered":"http:\/\/www.meikki.hu\/?page_id=10"},"modified":"2026-03-24T15:13:22","modified_gmt":"2026-03-24T15:13:22","slug":"kezdolap","status":"publish","type":"page","link":"https:\/\/www.meikki.hu\/","title":{"rendered":"Kezd\u0151lap"},"content":{"rendered":"\t\t<div data-elementor-type=\"wp-page\" data-elementor-id=\"10\" class=\"elementor elementor-10\">\n\t\t\t\t\t\t<section class=\"elementor-section elementor-top-section elementor-element elementor-element-ea73b16 elementor-section-boxed elementor-section-height-default elementor-section-height-default\" data-id=\"ea73b16\" data-element_type=\"section\" data-e-type=\"section\">\n\t\t\t\t\t\t<div class=\"elementor-container elementor-column-gap-default\">\n\t\t\t\t\t<div class=\"elementor-column elementor-col-100 elementor-top-column elementor-element elementor-element-3736f8c\" data-id=\"3736f8c\" data-element_type=\"column\" data-e-type=\"column\">\n\t\t\t<div class=\"elementor-widget-wrap elementor-element-populated\">\n\t\t\t\t\t\t<div class=\"elementor-element elementor-element-62b5f21 elementor-widget elementor-widget-button\" data-id=\"62b5f21\" data-element_type=\"widget\" data-e-type=\"widget\" data-widget_type=\"button.default\">\n\t\t\t\t<div class=\"elementor-widget-container\">\n\t\t\t\t\t\t\t\t\t<div class=\"elementor-button-wrapper\">\n\t\t\t\t\t<a class=\"elementor-button elementor-button-link elementor-size-sm\" href=\"https:\/\/meikki.salonic.hu\/\" target=\"_blank\">\n\t\t\t\t\t\t<span class=\"elementor-button-content-wrapper\">\n\t\t\t\t\t\t\t\t\t<span class=\"elementor-button-text\">Id\u0151pontfoglal\u00e1s<\/span>\n\t\t\t\t\t<\/span>\n\t\t\t\t\t<\/a>\n\t\t\t\t<\/div>\n\t\t\t\t\t\t\t\t<\/div>\n\t\t\t\t<\/div>\n\t\t\t\t\t<\/div>\n\t\t<\/div>\n\t\t\t\t\t<\/div>\n\t\t<\/section>\n\t\t\t\t<\/div>\n\t\t","protected":false},"excerpt":{"rendered":"<p>Id\u0151pontfoglal\u00e1s<\/p>\n","protected":false},"author":1,"featured_media":0,"parent":0,"menu_order":0,"comment_status":"closed","ping_status":"closed","template":"","meta":{"footnotes":""},"class_list":["post-10","page","type-page","status-publish","hentry"],"yoast_head":"<!-- This site is optimized with the Yoast SEO plugin v27.2 - https:\/\/yoast.com\/product\/yoast-seo-wordpress\/ -->\n<title>Kezd\u0151lap - meikki.hu<\/title>\n<meta name=\"description\" content=\"sz\u00e9ps\u00e9gszalon kozmetika smink\" \/>\n<meta name=\"robots\" content=\"index, follow, max-snippet:-1, max-image-preview:large, max-video-preview:-1\" \/>\n<link rel=\"canonical\" href=\"https:\/\/www.meikki.hu\/\" \/>\n<meta property=\"og:locale\" content=\"hu_HU\" \/>\n<meta property=\"og:type\" content=\"article\" \/>\n<meta property=\"og:title\" content=\"Kezd\u0151lap - meikki.hu\" \/>\n<meta property=\"og:description\" content=\"sz\u00e9ps\u00e9gszalon kozmetika smink\" \/>\n<meta property=\"og:url\" content=\"https:\/\/www.meikki.hu\/\" \/>\n<meta property=\"og:site_name\" content=\"meikki.hu\" \/>\n<meta property=\"article:modified_time\" content=\"2026-03-24T15:13:22+00:00\" \/>\n<meta name=\"twitter:card\" content=\"summary_large_image\" \/>\n<script type=\"application\/ld+json\" class=\"yoast-schema-graph\">{\"@context\":\"https:\/\/schema.org\",\"@graph\":[{\"@type\":\"WebPage\",\"@id\":\"https:\/\/www.meikki.hu\/\",\"url\":\"https:\/\/www.meikki.hu\/\",\"name\":\"Kezd\u0151lap - meikki.hu\",\"isPartOf\":{\"@id\":\"https:\/\/www.meikki.hu\/#website\"},\"datePublished\":\"2020-09-10T14:36:58+00:00\",\"dateModified\":\"2026-03-24T15:13:22+00:00\",\"description\":\"sz\u00e9ps\u00e9gszalon kozmetika smink\",\"breadcrumb\":{\"@id\":\"https:\/\/www.meikki.hu\/#breadcrumb\"},\"inLanguage\":\"hu\",\"potentialAction\":[{\"@type\":\"ReadAction\",\"target\":[\"https:\/\/www.meikki.hu\/\"]}]},{\"@type\":\"BreadcrumbList\",\"@id\":\"https:\/\/www.meikki.hu\/#breadcrumb\",\"itemListElement\":[{\"@type\":\"ListItem\",\"position\":1,\"name\":\"Kezd\u0151lap\",\"item\":\"https:\/\/www.meikki.hu\/\"},{\"@type\":\"ListItem\",\"position\":2,\"name\":\"Kezd\u0151lap\"}]},{\"@type\":\"WebSite\",\"@id\":\"https:\/\/www.meikki.hu\/#website\",\"url\":\"https:\/\/www.meikki.hu\/\",\"name\":\"meikki.hu\",\"description\":\"...meikki_premiumsalon...\",\"potentialAction\":[{\"@type\":\"SearchAction\",\"target\":{\"@type\":\"EntryPoint\",\"urlTemplate\":\"https:\/\/www.meikki.hu\/?s={search_term_string}\"},\"query-input\":{\"@type\":\"PropertyValueSpecification\",\"valueRequired\":true,\"valueName\":\"search_term_string\"}}],\"inLanguage\":\"hu\"}]}<\/script>\n<!-- \/ Yoast SEO plugin. -->","yoast_head_json":{"title":"Kezd\u0151lap - meikki.hu","description":"sz\u00e9ps\u00e9gszalon kozmetika smink","robots":{"index":"index","follow":"follow","max-snippet":"max-snippet:-1","max-image-preview":"max-image-preview:large","max-video-preview":"max-video-preview:-1"},"canonical":"https:\/\/www.meikki.hu\/","og_locale":"hu_HU","og_type":"article","og_title":"Kezd\u0151lap - meikki.hu","og_description":"sz\u00e9ps\u00e9gszalon kozmetika smink","og_url":"https:\/\/www.meikki.hu\/","og_site_name":"meikki.hu","article_modified_time":"2026-03-24T15:13:22+00:00","twitter_card":"summary_large_image","schema":{"@context":"https:\/\/schema.org","@graph":[{"@type":"WebPage","@id":"https:\/\/www.meikki.hu\/","url":"https:\/\/www.meikki.hu\/","name":"Kezd\u0151lap - meikki.hu","isPartOf":{"@id":"https:\/\/www.meikki.hu\/#website"},"datePublished":"2020-09-10T14:36:58+00:00","dateModified":"2026-03-24T15:13:22+00:00","description":"sz\u00e9ps\u00e9gszalon kozmetika smink","breadcrumb":{"@id":"https:\/\/www.meikki.hu\/#breadcrumb"},"inLanguage":"hu","potentialAction":[{"@type":"ReadAction","target":["https:\/\/www.meikki.hu\/"]}]},{"@type":"BreadcrumbList","@id":"https:\/\/www.meikki.hu\/#breadcrumb","itemListElement":[{"@type":"ListItem","position":1,"name":"Kezd\u0151lap","item":"https:\/\/www.meikki.hu\/"},{"@type":"ListItem","position":2,"name":"Kezd\u0151lap"}]},{"@type":"WebSite","@id":"https:\/\/www.meikki.hu\/#website","url":"https:\/\/www.meikki.hu\/","name":"meikki.hu","description":"...meikki_premiumsalon...","potentialAction":[{"@type":"SearchAction","target":{"@type":"EntryPoint","urlTemplate":"https:\/\/www.meikki.hu\/?s={search_term_string}"},"query-input":{"@type":"PropertyValueSpecification","valueRequired":true,"valueName":"search_term_string"}}],"inLanguage":"hu"}]}},"_links":{"self":[{"href":"https:\/\/www.meikki.hu\/index.php\/wp-json\/wp\/v2\/pages\/10","targetHints":{"allow":["GET"]}}],"collection":[{"href":"https:\/\/www.meikki.hu\/index.php\/wp-json\/wp\/v2\/pages"}],"about":[{"href":"https:\/\/www.meikki.hu\/index.php\/wp-json\/wp\/v2\/types\/page"}],"author":[{"embeddable":true,"href":"https:\/\/www.meikki.hu\/index.php\/wp-json\/wp\/v2\/users\/1"}],"replies":[{"embeddable":true,"href":"https:\/\/www.meikki.hu\/index.php\/wp-json\/wp\/v2\/comments?post=10"}],"version-history":[{"count":5,"href":"https:\/\/www.meikki.hu\/index.php\/wp-json\/wp\/v2\/pages\/10\/revisions"}],"predecessor-version":[{"id":82,"href":"https:\/\/www.meikki.hu\/index.php\/wp-json\/wp\/v2\/pages\/10\/revisions\/82"}],"wp:attachment":[{"href":"https:\/\/www.meikki.hu\/index.php\/wp-json\/wp\/v2\/media?parent=10"}],"curies":[{"name":"wp","href":"https:\/\/api.w.org\/{rel}","templated":true}]}}